{"id":3538,"date":"2024-04-23T16:26:14","date_gmt":"2024-04-23T14:26:14","guid":{"rendered":"https:\/\/www.fussballtor.at\/shop\/?post_type=product&#038;p=3538"},"modified":"2024-04-23T16:28:30","modified_gmt":"2024-04-23T14:28:30","slug":"netze-fuer-traings-und-wettkampftore-732-x-244-m","status":"publish","type":"product","link":"https:\/\/www.fussballtor.at\/shop\/produkt\/netze-fuer-traings-und-wettkampftore-732-x-244-m\/","title":{"rendered":"Netze f\u00fcr Traings- und Wettkampftore 7,32 x 2,44 m"},"content":{"rendered":"<p>Hochwertige Tornetze \u00a0f\u00fcr Traings- und Wettkampftore aus 4 mm Polypropylen hochfest, knotenlos. Unsere Netze fertigen wir in verschiedenen Auslagen (obere und untere Netztiefe) sowie entsprechend Ihren W\u00fcnschen in verschiedenen Farben (auch Farbkombinationen). Standardm\u00e4\u00dfig liefern wir unsere Netze mit quadratischen Maschen.<\/p>\n","protected":false},"excerpt":{"rendered":"<p>Hochwertige Tornetze \u00a0f\u00fcr Traings- und Wettkampftore aus 4 mm Polypropylen hochfest, knotenlos. Unsere Netze fertigen wir in verschiedenen Auslagen (obere und untere Netztiefe) sowie entsprechend Ihren W\u00fcnschen in verschiedenen Farben (auch Farbkombinationen). Standardm\u00e4\u00dfig liefern wir unsere Netze mit quadratischen Maschen.<\/p>\n","protected":false},"featured_media":3539,"comment_status":"closed","ping_status":"closed","template":"","meta":[],"product_safety_overall":[],"product_cat":[15,225,233,236],"product_tag":[],"acf":[],"_links":{"self":[{"href":"https:\/\/www.fussballtor.at\/shop\/wp-json\/wp\/v2\/product\/3538"}],"collection":[{"href":"https:\/\/www.fussballtor.at\/shop\/wp-json\/wp\/v2\/product"}],"about":[{"href":"https:\/\/www.fussballtor.at\/shop\/wp-json\/wp\/v2\/types\/product"}],"replies":[{"embeddable":true,"href":"https:\/\/www.fussballtor.at\/shop\/wp-json\/wp\/v2\/comments?post=3538"}],"wp:featuredmedia":[{"embeddable":true,"href":"https:\/\/www.fussballtor.at\/shop\/wp-json\/wp\/v2\/media\/3539"}],"wp:attachment":[{"href":"https:\/\/www.fussballtor.at\/shop\/wp-json\/wp\/v2\/media?parent=3538"}],"wp:term":[{"taxonomy":"product_safety_overall","embeddable":true,"href":"https:\/\/www.fussballtor.at\/shop\/wp-json\/wp\/v2\/product_safety_overall?post=3538"},{"taxonomy":"product_cat","embeddable":true,"href":"https:\/\/www.fussballtor.at\/shop\/wp-json\/wp\/v2\/product_cat?post=3538"},{"taxonomy":"product_tag","embeddable":true,"href":"https:\/\/www.fussballtor.at\/shop\/wp-json\/wp\/v2\/product_tag?post=3538"}],"curies":[{"name":"wp","href":"https:\/\/api.w.org\/{rel}","templated":true}]}}