{"id":3554,"date":"2024-04-23T16:59:25","date_gmt":"2024-04-23T14:59:25","guid":{"rendered":"https:\/\/www.fussballtor.at\/shop\/?post_type=product&#038;p=3554"},"modified":"2024-04-23T17:00:14","modified_gmt":"2024-04-23T15:00:14","slug":"einmesshilfe-plifix-weiss","status":"publish","type":"product","link":"https:\/\/www.fussballtor.at\/shop\/produkt\/einmesshilfe-plifix-weiss\/","title":{"rendered":"Einmesshilfe &#8222;PLiFiX&#8220;, wei\u00df"},"content":{"rendered":"<h3>Produktinformationen &#8222;Einmesshilfe &#8222;PLiFiX&#8220;, wei\u00df&#8220;<\/h3>\n<p>Synthetische Grasimplantat zur Markierung der Eckpunkte Ihrer Sportplatzmarkierung. Sie k\u00f6nnen die Linien mit Hilfe einer Schnur schnell nachziehen, ohne das Spielfeld jede Saison neu zu vermessen. Es werden 21 PLiFiX ben\u00f6tigt, um die Lage der 18 Schnittpunkte von Linien, den Mittelpunkt und die Elfmeterpunkte eines Fu\u00dfballfeldes zu markieren. Sie sind gut sichtbar und stellen keine Verletzungsgefahr f\u00fcr Spieler dar.<\/p>\n<p>Set mit 25 St\u00fcck und Eintriebhilfe. Farbe wei\u00df.<\/p>\n","protected":false},"excerpt":{"rendered":"<p>Produktinformationen &#8222;Einmesshilfe &#8222;PLiFiX&#8220;, wei\u00df&#8220; Synthetische Grasimplantat zur Markierung der Eckpunkte Ihrer Sportplatzmarkierung. Sie k\u00f6nnen die Linien mit Hilfe einer Schnur schnell nachziehen, ohne das Spielfeld jede Saison neu zu vermessen. Es werden 21 PLiFiX ben\u00f6tigt, um die Lage der 18 Schnittpunkte von Linien, den Mittelpunkt und die Elfmeterpunkte eines Fu\u00dfballfeldes zu markieren. Sie sind gut [&hellip;]<\/p>\n","protected":false},"featured_media":3555,"comment_status":"closed","ping_status":"closed","template":"","meta":[],"product_safety_overall":[],"product_cat":[223,232],"product_tag":[],"acf":[],"_links":{"self":[{"href":"https:\/\/www.fussballtor.at\/shop\/wp-json\/wp\/v2\/product\/3554"}],"collection":[{"href":"https:\/\/www.fussballtor.at\/shop\/wp-json\/wp\/v2\/product"}],"about":[{"href":"https:\/\/www.fussballtor.at\/shop\/wp-json\/wp\/v2\/types\/product"}],"replies":[{"embeddable":true,"href":"https:\/\/www.fussballtor.at\/shop\/wp-json\/wp\/v2\/comments?post=3554"}],"wp:featuredmedia":[{"embeddable":true,"href":"https:\/\/www.fussballtor.at\/shop\/wp-json\/wp\/v2\/media\/3555"}],"wp:attachment":[{"href":"https:\/\/www.fussballtor.at\/shop\/wp-json\/wp\/v2\/media?parent=3554"}],"wp:term":[{"taxonomy":"product_safety_overall","embeddable":true,"href":"https:\/\/www.fussballtor.at\/shop\/wp-json\/wp\/v2\/product_safety_overall?post=3554"},{"taxonomy":"product_cat","embeddable":true,"href":"https:\/\/www.fussballtor.at\/shop\/wp-json\/wp\/v2\/product_cat?post=3554"},{"taxonomy":"product_tag","embeddable":true,"href":"https:\/\/www.fussballtor.at\/shop\/wp-json\/wp\/v2\/product_tag?post=3554"}],"curies":[{"name":"wp","href":"https:\/\/api.w.org\/{rel}","templated":true}]}}