{"id":3588,"date":"2024-04-23T19:02:37","date_gmt":"2024-04-23T17:02:37","guid":{"rendered":"https:\/\/www.fussballtor.at\/shop\/?post_type=product&#038;p=3588"},"modified":"2026-02-17T13:54:55","modified_gmt":"2026-02-17T12:54:55","slug":"jugendfussballtor-simple-auslage-80-150-cm-inkl-netz-kippsicher-durch-spiralanker","status":"publish","type":"product","link":"https:\/\/www.fussballtor.at\/shop\/produkt\/jugendfussballtor-simple-auslage-80-150-cm-inkl-netz-kippsicher-durch-spiralanker\/","title":{"rendered":"Jugendfu\u00dfballtor &#8222;Simple&#8220; , Auslage 80 \/ 150 cm inkl. Netz, kippsicher durch Spiralanker"},"content":{"rendered":"<p>\u201eSimple&#8220;<br \/>\ndas einfache Fu\u00dfballtor<\/p>\n<p>SIMPLE\u00a0TOR:<\/p>\n<p>\u2022 Fu\u00dfballtor aus Aluminium<br \/>\n\u2022 vollverschwei\u00dft<br \/>\n\u2022 Torprofil aus 120 \/ 100 mm Ovalprofil<br \/>\n\u2022 Bodenrahmenprofil aus 80 \/ 40 mm Rechteckprofil<br \/>\n\u2022 Tor- &amp; Bodenrahmen mit eingelassener \u201eBasic\u201c Netzaufh\u00e4ngung<br \/>\n\u2022 seitliche, ausgesch\u00e4umte R\u00e4der, angeschraubt am Netzb\u00fcgel<br \/>\n\u2022 Netzb\u00fcgel aus 60 mm Rundrohr<\/p>\n<p>Kein Einziehen eines Spannseils im Bodenrahmen<br \/>\nn\u00f6tig!<\/p>\n<p>Lieferung inkl. Netz<\/p>\n<p>Art.-Nr. Produktbeschreibung<\/p>\n<p>Jugendtor \u201eSimple&#8220;, 5,00 x 2,00 m, Aluminium blank<br \/>\n2001112 Auslage 80 \/ 150 cm<\/p>\n","protected":false},"excerpt":{"rendered":"<p>\u201eSimple&#8220; das einfache Fu\u00dfballtor SIMPLE\u00a0TOR: \u2022 Fu\u00dfballtor aus Aluminium \u2022 vollverschwei\u00dft \u2022 Torprofil aus 120 \/ 100 mm Ovalprofil \u2022 Bodenrahmenprofil aus 80 \/ 40 mm Rechteckprofil \u2022 Tor- &amp; Bodenrahmen mit eingelassener \u201eBasic\u201c Netzaufh\u00e4ngung \u2022 seitliche, ausgesch\u00e4umte R\u00e4der, angeschraubt am Netzb\u00fcgel \u2022 Netzb\u00fcgel aus 60 mm Rundrohr Kein Einziehen eines Spannseils im Bodenrahmen n\u00f6tig! [&hellip;]<\/p>\n","protected":false},"featured_media":3590,"comment_status":"closed","ping_status":"closed","template":"","meta":[],"product_safety_overall":[],"product_cat":[224,228],"product_tag":[],"acf":[],"_links":{"self":[{"href":"https:\/\/www.fussballtor.at\/shop\/wp-json\/wp\/v2\/product\/3588"}],"collection":[{"href":"https:\/\/www.fussballtor.at\/shop\/wp-json\/wp\/v2\/product"}],"about":[{"href":"https:\/\/www.fussballtor.at\/shop\/wp-json\/wp\/v2\/types\/product"}],"replies":[{"embeddable":true,"href":"https:\/\/www.fussballtor.at\/shop\/wp-json\/wp\/v2\/comments?post=3588"}],"wp:featuredmedia":[{"embeddable":true,"href":"https:\/\/www.fussballtor.at\/shop\/wp-json\/wp\/v2\/media\/3590"}],"wp:attachment":[{"href":"https:\/\/www.fussballtor.at\/shop\/wp-json\/wp\/v2\/media?parent=3588"}],"wp:term":[{"taxonomy":"product_safety_overall","embeddable":true,"href":"https:\/\/www.fussballtor.at\/shop\/wp-json\/wp\/v2\/product_safety_overall?post=3588"},{"taxonomy":"product_cat","embeddable":true,"href":"https:\/\/www.fussballtor.at\/shop\/wp-json\/wp\/v2\/product_cat?post=3588"},{"taxonomy":"product_tag","embeddable":true,"href":"https:\/\/www.fussballtor.at\/shop\/wp-json\/wp\/v2\/product_tag?post=3588"}],"curies":[{"name":"wp","href":"https:\/\/api.w.org\/{rel}","templated":true}]}}