{"id":3605,"date":"2024-04-23T19:38:31","date_gmt":"2024-04-23T17:38:31","guid":{"rendered":"https:\/\/www.fussballtor.at\/shop\/?post_type=product&#038;p=3605"},"modified":"2025-03-24T09:20:56","modified_gmt":"2025-03-24T08:20:56","slug":"greenstar-rasenlangzeitduenger-20kg","status":"publish","type":"product","link":"https:\/\/www.fussballtor.at\/shop\/produkt\/greenstar-rasenlangzeitduenger-20kg\/","title":{"rendered":"Greenstar Rasenlangzeitd\u00fcnger 20kg"},"content":{"rendered":"<p>NPK-D\u00fcnger mit teilweise umh\u00fclltem Stickstoff (56 %), mit Magnesium und Schwefel 25-5-8(+1,2+3), mit Bor, Eisen, Zink.<br \/>\nEG-D\u00fcngemittel. Chloridarm.<br \/>\nRasenvolld\u00fcnger mit feiner Granulierung, Spurenn\u00e4hrstoffen und kontrollierter N\u00e4hrstoffabgabe \u00fcber 2\u20133 Monate f\u00fcr Fairways.<\/p>\n","protected":false},"excerpt":{"rendered":"<p>NPK-D\u00fcnger mit teilweise umh\u00fclltem Stickstoff (56 %), mit Magnesium und Schwefel 25-5-8(+1,2+3), mit Bor, Eisen, Zink. EG-D\u00fcngemittel. Chloridarm. Rasenvolld\u00fcnger mit feiner Granulierung, Spurenn\u00e4hrstoffen und kontrollierter N\u00e4hrstoffabgabe \u00fcber 2\u20133 Monate f\u00fcr Fairways.<\/p>\n","protected":false},"featured_media":0,"comment_status":"closed","ping_status":"closed","template":"","meta":[],"product_safety_overall":[],"product_cat":[223,231],"product_tag":[],"acf":[],"_links":{"self":[{"href":"https:\/\/www.fussballtor.at\/shop\/wp-json\/wp\/v2\/product\/3605"}],"collection":[{"href":"https:\/\/www.fussballtor.at\/shop\/wp-json\/wp\/v2\/product"}],"about":[{"href":"https:\/\/www.fussballtor.at\/shop\/wp-json\/wp\/v2\/types\/product"}],"replies":[{"embeddable":true,"href":"https:\/\/www.fussballtor.at\/shop\/wp-json\/wp\/v2\/comments?post=3605"}],"wp:attachment":[{"href":"https:\/\/www.fussballtor.at\/shop\/wp-json\/wp\/v2\/media?parent=3605"}],"wp:term":[{"taxonomy":"product_safety_overall","embeddable":true,"href":"https:\/\/www.fussballtor.at\/shop\/wp-json\/wp\/v2\/product_safety_overall?post=3605"},{"taxonomy":"product_cat","embeddable":true,"href":"https:\/\/www.fussballtor.at\/shop\/wp-json\/wp\/v2\/product_cat?post=3605"},{"taxonomy":"product_tag","embeddable":true,"href":"https:\/\/www.fussballtor.at\/shop\/wp-json\/wp\/v2\/product_tag?post=3605"}],"curies":[{"name":"wp","href":"https:\/\/api.w.org\/{rel}","templated":true}]}}